{"id":38,"date":"2018-12-01T16:18:30","date_gmt":"2018-12-01T15:18:30","guid":{"rendered":"https:\/\/nps.one\/?page_id=38"},"modified":"2023-11-01T19:06:32","modified_gmt":"2023-11-01T18:06:32","slug":"dotacni-projekty","status":"publish","type":"page","link":"https:\/\/nps.one\/?page_id=38","title":{"rendered":"Dota\u010dn\u00ed projekty"},"content":{"rendered":"\n<figure class=\"wp-block-image size-full is-resized\"><img loading=\"lazy\" decoding=\"async\" src=\"http:\/\/nps.one\/wp-content\/uploads\/2023\/11\/MDCR_logo.jpg\" alt=\"\" class=\"wp-image-75\" width=\"383\" height=\"96\" srcset=\"https:\/\/nps.one\/wp-content\/uploads\/2023\/11\/MDCR_logo.jpg 766w, https:\/\/nps.one\/wp-content\/uploads\/2023\/11\/MDCR_logo-300x75.jpg 300w\" sizes=\"auto, (max-width: 383px) 100vw, 383px\" \/><\/figure>\n\n\n\n<h2 class=\"wp-block-heading\"><strong>Program \u010d. 127 66                                                    Podpora obnovy historick\u00fdch \u017eelezni\u010dn\u00edch kolejov\u00fdch vozidel v obdob\u00ed 2017-2020<\/strong><\/h2>\n\n\n\n<h2 class=\"wp-block-heading\" style=\"font-size:25px\">Novopack\u00fd parostrojn\u00ed spolek, obnova n\u00e1kladn\u00edho dvoun\u00e1pravov\u00e9ho vozu Z&nbsp;1-52027, EDS: 127D662000104<\/h2>\n\n\n\n<p>V\u00fd\u0161e poskytnut\u00e9 dotace 315 000,- K\u010d = 79,8 % pod\u00edl spolufinancov\u00e1n\u00ed z programu.<\/p>\n\n\n\n<p>\u00da\u010delem projektov\u00e9ho z\u00e1m\u011bru bylo uveden\u00ed n\u00e1kladn\u00edho vozu Z 1-52027 do provozuschopn\u00e9ho stavu z obdob\u00ed b\u011b\u017en\u00e9ho provozu u \u010cSD (Epocha III.).<\/p>\n\n\n\n<h2 class=\"wp-block-heading\" style=\"font-size:25px\">Novopack\u00fd parostrojn\u00ed spolek, obnova n\u00e1kladn\u00edho vozu B.E.B. 11515, EDS: 127D662000208<\/h2>\n\n\n\n<p>V\u00fd\u0161e poskytnut\u00e9 dotace 350 000,- K\u010d = 79,6 % pod\u00edl spolufinancov\u00e1n\u00ed z programu.<\/p>\n\n\n\n<p>\u00da\u010delem projektov\u00e9ho z\u00e1m\u011bru bylo uveden\u00ed n\u00e1kladn\u00edho vozu B.E.B. 11515 do provozuschopn\u00e9ho stavu z doby dod\u00e1vky pro B.E.B. (Epocha I.).<\/p>\n\n\n\n<h2 class=\"wp-block-heading\"><strong>Program \u010d. 127 67                                                    Podpora obnovy historick\u00fdch \u017eelezni\u010dn\u00edch kolejov\u00fdch vozidel v obdob\u00ed 2021 &#8211; 2023<\/strong><\/h2>\n\n\n\n<h2 class=\"wp-block-heading\" style=\"font-size:25px\">Novopack\u00fd parostrojn\u00ed spolek, obnova n\u00e1kladn\u00edho vozu \u010d.44542045005-5, EDS: 127D672000010<\/h2>\n\n\n\n<p>V\u00fd\u0161e poskytnut\u00e9 dotace 230 000,- K\u010d = 79,3 % pod\u00edl spolufinancov\u00e1n\u00ed z programu.<\/p>\n\n\n\n<p>\u00da\u010delem projektov\u00e9ho z\u00e1m\u011bru bylo uveden\u00ed n\u00e1kladn\u00edho vozu \u010d. 44542045005-5 do provozuschopn\u00e9ho stavu z obdob\u00ed b\u011b\u017en\u00e9ho provozu u \u010cSD (Epocha II.).<\/p>\n\n\n\n<h2 class=\"wp-block-heading\" style=\"font-size:25px\">Novopack\u00fd parostrojn\u00ed spolek, obnova kotle parn\u00ed lokomotivy 310.901, EDS: 127D672000108<\/h2>\n\n\n\n<p>V\u00fd\u0161e poskytnut\u00e9 dotace 873 000,- K\u010d = 79,9 % pod\u00edl spolufinancov\u00e1n\u00ed z programu.<\/p>\n\n\n\n<p>\u00da\u010delem projektov\u00e9ho z\u00e1m\u011bru bylo proveden\u00ed gener\u00e1ln\u00ed opravy kotle parn\u00ed lokomotivy 310.901.<\/p>\n","protected":false},"excerpt":{"rendered":"<p>Program \u010d. 127 66 Podpora obnovy historick\u00fdch \u017eelezni\u010dn\u00edch kolejov\u00fdch vozidel v obdob\u00ed 2017-2020 Novopack\u00fd parostrojn\u00ed spolek, obnova n\u00e1kladn\u00edho dvoun\u00e1pravov\u00e9ho vozu Z&nbsp;1-52027, EDS: 127D662000104 V\u00fd\u0161e poskytnut\u00e9 dotace 315 000,- K\u010d = 79,8 % pod\u00edl spolufinancov\u00e1n\u00ed z programu. \u00da\u010delem projektov\u00e9ho z\u00e1m\u011bru bylo uveden\u00ed n\u00e1kladn\u00edho vozu Z 1-52027 do provozuschopn\u00e9ho stavu z obdob\u00ed b\u011b\u017en\u00e9ho provozu u \u010cSD (Epocha &#8230; <a title=\"Dota\u010dn\u00ed projekty\" class=\"read-more\" href=\"https:\/\/nps.one\/?page_id=38\" aria-label=\"Read more about Dota\u010dn\u00ed projekty\">\u010c\u00edst d\u00e1l<\/a><\/p>\n","protected":false},"author":3,"featured_media":0,"parent":0,"menu_order":3,"comment_status":"closed","ping_status":"closed","template":"","meta":{"footnotes":""},"class_list":["post-38","page","type-page","status-publish"],"_links":{"self":[{"href":"https:\/\/nps.one\/index.php?rest_route=\/wp\/v2\/pages\/38","targetHints":{"allow":["GET"]}}],"collection":[{"href":"https:\/\/nps.one\/index.php?rest_route=\/wp\/v2\/pages"}],"about":[{"href":"https:\/\/nps.one\/index.php?rest_route=\/wp\/v2\/types\/page"}],"author":[{"embeddable":true,"href":"https:\/\/nps.one\/index.php?rest_route=\/wp\/v2\/users\/3"}],"replies":[{"embeddable":true,"href":"https:\/\/nps.one\/index.php?rest_route=%2Fwp%2Fv2%2Fcomments&post=38"}],"version-history":[{"count":22,"href":"https:\/\/nps.one\/index.php?rest_route=\/wp\/v2\/pages\/38\/revisions"}],"predecessor-version":[{"id":117,"href":"https:\/\/nps.one\/index.php?rest_route=\/wp\/v2\/pages\/38\/revisions\/117"}],"wp:attachment":[{"href":"https:\/\/nps.one\/index.php?rest_route=%2Fwp%2Fv2%2Fmedia&parent=38"}],"curies":[{"name":"wp","href":"https:\/\/api.w.org\/{rel}","templated":true}]}}