{"id":47,"date":"2018-11-01T17:00:04","date_gmt":"2018-11-01T16:00:04","guid":{"rendered":"https:\/\/nps.one\/?page_id=47"},"modified":"2023-11-01T17:47:27","modified_gmt":"2023-11-01T16:47:27","slug":"o-nas","status":"publish","type":"page","link":"https:\/\/nps.one\/?page_id=47","title":{"rendered":"O n\u00e1s"},"content":{"rendered":"<p>Spolek byl zalo\u017een 15. \u00fanora 2018.\u00a0 \u00a0 \u00a0 \u00a0 \u00a0 \u00a0 \u00a0 \u00a0 \u00a0 \u00a0 \u00a0 \u00a0 \u00a0 \u00a0 \u00a0 \u00a0 \u00a0 \u00a0 \u00a0 \u00a0 \u00a0 \u00a0 \u00a0 \u00a0 \u00a0 \u00a0 \u00a0 \u00a0 \u00a0 \u00a0 \u00a0 \u00a0 \u00a0 \u00a0 \u00a0 \u00a0 \u00a0 \u00a0 \u00a0 \u00a0 \u00a0 \u00a0 \u00a0 \u00a0 \u00a0 \u00a0 Hlavn\u00edm \u00fa\u010delem spolku je z\u00e1chrana a renovace historick\u00fdch kolejov\u00fdch vozidel a ostatn\u00ed dopravn\u00ed techniky.<\/p>\n\n\n<p><\/p>\n","protected":false},"excerpt":{"rendered":"<p>Spolek byl zalo\u017een 15. \u00fanora 2018.\u00a0 \u00a0 \u00a0 \u00a0 \u00a0 \u00a0 \u00a0 \u00a0 \u00a0 \u00a0 \u00a0 \u00a0 \u00a0 \u00a0 \u00a0 \u00a0 \u00a0 \u00a0 \u00a0 \u00a0 \u00a0 \u00a0 \u00a0 \u00a0 \u00a0 \u00a0 \u00a0 \u00a0 \u00a0 \u00a0 \u00a0 \u00a0 \u00a0 \u00a0 \u00a0 \u00a0 \u00a0 \u00a0 \u00a0 \u00a0 \u00a0 \u00a0 \u00a0 \u00a0 \u00a0 \u00a0 Hlavn\u00edm \u00fa\u010delem spolku je &#8230; <a title=\"O n\u00e1s\" class=\"read-more\" href=\"https:\/\/nps.one\/?page_id=47\" aria-label=\"Read more about O n\u00e1s\">\u010c\u00edst d\u00e1l<\/a><\/p>\n","protected":false},"author":3,"featured_media":0,"parent":0,"menu_order":1,"comment_status":"closed","ping_status":"closed","template":"","meta":{"footnotes":""},"class_list":["post-47","page","type-page","status-publish"],"_links":{"self":[{"href":"https:\/\/nps.one\/index.php?rest_route=\/wp\/v2\/pages\/47","targetHints":{"allow":["GET"]}}],"collection":[{"href":"https:\/\/nps.one\/index.php?rest_route=\/wp\/v2\/pages"}],"about":[{"href":"https:\/\/nps.one\/index.php?rest_route=\/wp\/v2\/types\/page"}],"author":[{"embeddable":true,"href":"https:\/\/nps.one\/index.php?rest_route=\/wp\/v2\/users\/3"}],"replies":[{"embeddable":true,"href":"https:\/\/nps.one\/index.php?rest_route=%2Fwp%2Fv2%2Fcomments&post=47"}],"version-history":[{"count":2,"href":"https:\/\/nps.one\/index.php?rest_route=\/wp\/v2\/pages\/47\/revisions"}],"predecessor-version":[{"id":71,"href":"https:\/\/nps.one\/index.php?rest_route=\/wp\/v2\/pages\/47\/revisions\/71"}],"wp:attachment":[{"href":"https:\/\/nps.one\/index.php?rest_route=%2Fwp%2Fv2%2Fmedia&parent=47"}],"curies":[{"name":"wp","href":"https:\/\/api.w.org\/{rel}","templated":true}]}}