{"id":80,"date":"2018-11-01T18:06:56","date_gmt":"2018-11-01T17:06:56","guid":{"rendered":"https:\/\/nps.one\/?page_id=80"},"modified":"2023-11-01T18:16:29","modified_gmt":"2023-11-01T17:16:29","slug":"archiv","status":"publish","type":"page","link":"https:\/\/nps.one\/?page_id=80","title":{"rendered":"Archiv"},"content":{"rendered":"<div><span style=\"font-family: Arial; font-size: large;\"><strong>Oslavy 150 let Trutnov &#8211; Chlumec nad Cidlinou<\/strong><\/span><\/div>\n<div><\/div>\n<div><span style=\"font-family: Arial; font-size: small;\">P\u00e1tek 17. 9. 2021<\/span><\/div>\n<div><span style=\"font-family: Arial; font-size: small;\">Turnov &#8211; Star\u00e1 Paka (odpoledn\u00ed parn\u00ed vlak)<\/span><\/div>\n<div>.<\/div>\n<div><span style=\"font-family: Arial; font-size: small;\">Sobota 18.9.<\/span><\/div>\n<div><span style=\"font-family: Arial; font-size: small;\">Kun\u010dice &#8211; Ostrom\u011b\u0159 (parn\u00ed vlaky veden\u00e9 lokomotivami 310.0134 a 431.032)<\/span><\/div>\n<div>.<\/div>\n<div><span style=\"font-family: Arial; font-size: small;\">Ned\u011ble 19.9,<\/span><\/div>\n<div><span style=\"font-family: Arial; font-size: small;\">Star\u00e1 Paka\u00a0&#8211; Chlumec nad cidlinou (parn\u00ed vlaky veden\u00e9 lokomotivami 310.0134 a 431.032)<\/span><\/div>\n<div><span style=\"font-family: Arial; font-size: small;\">Trutnov &#8211; Velk\u00fd Osek\u00a0 (motorov\u00fd retro rychl\u00edk \u00dapa veden\u00fd T478.1)<\/span><\/div>\n<p>.<br \/>\n<strong><a href=\"http:\/\/nps.one\/wp-content\/uploads\/2017\/08\/Jizdni_rad_150_let.pdf\">J\u00edzdn\u00ed \u0159\u00e1d 150 let trati Velk\u00fd Osek &#8211; Trutnov Po\u0159\u00ed\u010d\u00ed<\/a><\/strong><\/p>\n<div><a href=\"http:\/\/nps.one\/wp-content\/uploads\/2017\/08\/Jizdni_rad_ventilovka_-431.pdf\">J\u00edzdn\u00ed \u0159\u00e1d pouze ventilovka 431.032<\/a><\/div>\n<p>.<br \/>\n<a href=\"http:\/\/nps.one\/wp-content\/uploads\/2017\/08\/150-let-j\u00edzdn\u00e9-Kun\u010dice-Clumec-2021.pdf\">150 let j\u00edzdn\u00e9 Kun\u010dice-Clumec 2021<\/a><\/p>\n<div><a href=\"http:\/\/nps.one\/wp-content\/uploads\/2017\/08\/150-let-j\u00edzdn\u00e9-Turnov-Star\u00e1-Paka-Kun\u010dice-Chlumec-2021.pdf\">150 let j\u00edzdn\u00e9 Turnov-Star\u00e1 Paka, Kun\u010dice-Chlumec 2021<\/a><\/div>\n","protected":false},"excerpt":{"rendered":"<p>Oslavy 150 let Trutnov &#8211; Chlumec nad Cidlinou P\u00e1tek 17. 9. 2021 Turnov &#8211; Star\u00e1 Paka (odpoledn\u00ed parn\u00ed vlak) . Sobota 18.9. Kun\u010dice &#8211; Ostrom\u011b\u0159 (parn\u00ed vlaky veden\u00e9 lokomotivami 310.0134 a 431.032) . Ned\u011ble 19.9, Star\u00e1 Paka\u00a0&#8211; Chlumec nad cidlinou (parn\u00ed vlaky veden\u00e9 lokomotivami 310.0134 a 431.032) Trutnov &#8211; Velk\u00fd Osek\u00a0 (motorov\u00fd retro rychl\u00edk \u00dapa &#8230; <a title=\"Archiv\" class=\"read-more\" href=\"https:\/\/nps.one\/?page_id=80\" aria-label=\"Read more about Archiv\">\u010c\u00edst d\u00e1l<\/a><\/p>\n","protected":false},"author":3,"featured_media":0,"parent":0,"menu_order":2,"comment_status":"closed","ping_status":"closed","template":"","meta":{"footnotes":""},"class_list":["post-80","page","type-page","status-publish"],"_links":{"self":[{"href":"https:\/\/nps.one\/index.php?rest_route=\/wp\/v2\/pages\/80","targetHints":{"allow":["GET"]}}],"collection":[{"href":"https:\/\/nps.one\/index.php?rest_route=\/wp\/v2\/pages"}],"about":[{"href":"https:\/\/nps.one\/index.php?rest_route=\/wp\/v2\/types\/page"}],"author":[{"embeddable":true,"href":"https:\/\/nps.one\/index.php?rest_route=\/wp\/v2\/users\/3"}],"replies":[{"embeddable":true,"href":"https:\/\/nps.one\/index.php?rest_route=%2Fwp%2Fv2%2Fcomments&post=80"}],"version-history":[{"count":10,"href":"https:\/\/nps.one\/index.php?rest_route=\/wp\/v2\/pages\/80\/revisions"}],"predecessor-version":[{"id":92,"href":"https:\/\/nps.one\/index.php?rest_route=\/wp\/v2\/pages\/80\/revisions\/92"}],"wp:attachment":[{"href":"https:\/\/nps.one\/index.php?rest_route=%2Fwp%2Fv2%2Fmedia&parent=80"}],"curies":[{"name":"wp","href":"https:\/\/api.w.org\/{rel}","templated":true}]}}