{"id":9,"date":"2017-08-22T16:13:43","date_gmt":"2017-08-22T14:13:43","guid":{"rendered":"http:\/\/nps.one\/?page_id=9"},"modified":"2023-11-01T18:18:23","modified_gmt":"2023-11-01T17:18:23","slug":"uvod","status":"publish","type":"page","link":"https:\/\/nps.one\/","title":{"rendered":"\u00davod"},"content":{"rendered":"<div style=\"text-align: center;\"><span style=\"font-family: Arial; font-size: large;\"><strong>V\u00edtejte na str\u00e1nk\u00e1ch Novopack\u00e9ho parostrojn\u00edho spolku<\/strong><\/span><\/div>\n<div>\u00a0<\/div>\n<p><img loading=\"lazy\" decoding=\"async\" class=\"alignnone wp-image-11 size-full\" src=\"http:\/\/nps.one\/wp-content\/uploads\/2017\/08\/433.048_Skalice-n.-Svitavou_Os-4724_21.4.1976.jpg\" alt=\"\" width=\"1044\" height=\"742\" srcset=\"https:\/\/nps.one\/wp-content\/uploads\/2017\/08\/433.048_Skalice-n.-Svitavou_Os-4724_21.4.1976.jpg 1044w, https:\/\/nps.one\/wp-content\/uploads\/2017\/08\/433.048_Skalice-n.-Svitavou_Os-4724_21.4.1976-300x213.jpg 300w, https:\/\/nps.one\/wp-content\/uploads\/2017\/08\/433.048_Skalice-n.-Svitavou_Os-4724_21.4.1976-768x546.jpg 768w, https:\/\/nps.one\/wp-content\/uploads\/2017\/08\/433.048_Skalice-n.-Svitavou_Os-4724_21.4.1976-1024x728.jpg 1024w\" sizes=\"auto, (max-width: 1044px) 100vw, 1044px\" \/><\/p>\n\n\n<p><\/p>\n","protected":false},"excerpt":{"rendered":"<p>V\u00edtejte na str\u00e1nk\u00e1ch Novopack\u00e9ho parostrojn\u00edho spolku \u00a0<\/p>\n","protected":false},"author":3,"featured_media":0,"parent":0,"menu_order":0,"comment_status":"closed","ping_status":"closed","template":"","meta":{"footnotes":""},"class_list":["post-9","page","type-page","status-publish"],"_links":{"self":[{"href":"https:\/\/nps.one\/index.php?rest_route=\/wp\/v2\/pages\/9","targetHints":{"allow":["GET"]}}],"collection":[{"href":"https:\/\/nps.one\/index.php?rest_route=\/wp\/v2\/pages"}],"about":[{"href":"https:\/\/nps.one\/index.php?rest_route=\/wp\/v2\/types\/page"}],"author":[{"embeddable":true,"href":"https:\/\/nps.one\/index.php?rest_route=\/wp\/v2\/users\/3"}],"replies":[{"embeddable":true,"href":"https:\/\/nps.one\/index.php?rest_route=%2Fwp%2Fv2%2Fcomments&post=9"}],"version-history":[{"count":18,"href":"https:\/\/nps.one\/index.php?rest_route=\/wp\/v2\/pages\/9\/revisions"}],"predecessor-version":[{"id":96,"href":"https:\/\/nps.one\/index.php?rest_route=\/wp\/v2\/pages\/9\/revisions\/96"}],"wp:attachment":[{"href":"https:\/\/nps.one\/index.php?rest_route=%2Fwp%2Fv2%2Fmedia&parent=9"}],"curies":[{"name":"wp","href":"https:\/\/api.w.org\/{rel}","templated":true}]}}